{"id":52,"date":"2024-04-01T18:50:35","date_gmt":"2024-04-01T15:50:35","guid":{"rendered":"https:\/\/u77823.www2.webdomain.fi\/?page_id=52"},"modified":"2026-04-07T09:20:00","modified_gmt":"2026-04-07T06:20:00","slug":"linkit","status":"publish","type":"page","link":"https:\/\/www.angelman.fi\/index.php\/linkit\/","title":{"rendered":"Linkit"},"content":{"rendered":"\n<h3 class=\"wp-block-heading\">Angelman-esite<\/h3>\n\n\n\n<ul class=\"wp-block-list\">\n<li><a href=\"https:\/\/www.angelman.fi\/wp-content\/uploads\/2024\/04\/Angelman_A4_2015.pdf\">Angelman-esite<\/a> (kumppaneille)<\/li>\n<\/ul>\n\n\n\n<h3 class=\"wp-block-heading\">Facebook-sivut<\/h3>\n\n\n\n<p>Angelman-perheet facebooksivut on avattu osoiteessa:<\/p>\n\n\n\n<ul class=\"wp-block-list\">\n<li><a href=\"https:\/\/www.facebook.com\/groups\/angelmanperheet\/\">Angelman-perheet-facebooksivut<\/a><\/li>\n<\/ul>\n\n\n\n<p>Klikkaa linkki\u00e4 ja pyyd\u00e4 lupa liitty\u00e4 suljettuun ryhm\u00e4\u00e4n.<\/p>\n\n\n\n<h3 class=\"wp-block-heading\">Yhdistysten ja j\u00e4rjest\u00f6jen sivut<\/h3>\n\n\n\n<ul class=\"wp-block-list\">\n<li><a href=\"http:\/\/www.cureangelman.org\/\">Kansainv\u00e4list\u00e4 Angelmantutkimusta<\/a><\/li>\n\n\n\n<li><a href=\"http:\/\/www.verneri.net\/\">Verneri<\/a><\/li>\n\n\n\n<li><a href=\"http:\/\/www.kehitysvammaliitto.fi\/\">Kehitysvammaliitto<\/a><\/li>\n\n\n\n<li><a href=\"http:\/\/www.kvtl.fi\/\">Kehitysvammaisten tukiliitto<\/a><\/li>\n\n\n\n<li><a href=\"http:\/\/www.angelman.org\/\">Amerikkalaisen AS-j\u00e4rjest\u00f6n kotisivut<\/a><\/li>\n\n\n\n<li><a href=\"http:\/\/www.sos.se\/smkh\/\">Ruotsinkieliset sivut, hae Angelmans syndrom<\/a><\/li>\n\n\n\n<li><a href=\"http:\/\/www.ninafoundation.eu\/index.php?lang=en\">Nina Foundation, Hollanti<\/a><\/li>\n\n\n\n<li><a href=\"http:\/\/erityinensisaruus.fi\/\">Erityinen sisaruus<\/a><\/li>\n<\/ul>\n\n\n\n<h3 class=\"wp-block-heading\">J\u00e4senten linkit<\/h3>\n\n\n\n<ul class=\"wp-block-list\">\n<li><a href=\"http:\/\/www.angelmama.fi\/\">Angelmama<\/a>&nbsp;Angelman-lapsen \u00e4idin kotisivut ja blogi<\/li>\n\n\n\n<li><a href=\"http:\/\/www.youtube.com\/watch?v=7YMGLUVh2sU&amp;feature=youtu.be\">Maukan matkassa<\/a>&nbsp;lis\u00e4tty 17.2.2012 (youtube video)<\/li>\n<\/ul>\n\n\n\n<h3 class=\"wp-block-heading\">Tutkimuslinkkej\u00e4<\/h3>\n\n\n\n<ul class=\"wp-block-list\">\n<li><a href=\"https:\/\/www.youtube.com\/watch?v=lZZmI8XSz8U\" target=\"_blank\" rel=\"noreferrer noopener\">Understanding how AS Neurons Perform in the Brain<\/a>&nbsp;Youtube-video.<\/li>\n<\/ul>\n","protected":false},"excerpt":{"rendered":"<p>Angelman-esite Facebook-sivut Angelman-perheet facebooksivut on avattu osoiteessa: Klikkaa linkki\u00e4 ja pyyd\u00e4 lupa liitty\u00e4 suljettuun ryhm\u00e4\u00e4n. Yhdistysten ja j\u00e4rjest\u00f6jen sivut J\u00e4senten linkit Tutkimuslinkkej\u00e4<\/p>\n","protected":false},"author":2,"featured_media":0,"parent":0,"menu_order":0,"comment_status":"closed","ping_status":"closed","template":"","meta":{"footnotes":""},"class_list":["post-52","page","type-page","status-publish","hentry"],"_links":{"self":[{"href":"https:\/\/www.angelman.fi\/index.php\/wp-json\/wp\/v2\/pages\/52","targetHints":{"allow":["GET"]}}],"collection":[{"href":"https:\/\/www.angelman.fi\/index.php\/wp-json\/wp\/v2\/pages"}],"about":[{"href":"https:\/\/www.angelman.fi\/index.php\/wp-json\/wp\/v2\/types\/page"}],"author":[{"embeddable":true,"href":"https:\/\/www.angelman.fi\/index.php\/wp-json\/wp\/v2\/users\/2"}],"replies":[{"embeddable":true,"href":"https:\/\/www.angelman.fi\/index.php\/wp-json\/wp\/v2\/comments?post=52"}],"version-history":[{"count":6,"href":"https:\/\/www.angelman.fi\/index.php\/wp-json\/wp\/v2\/pages\/52\/revisions"}],"predecessor-version":[{"id":168,"href":"https:\/\/www.angelman.fi\/index.php\/wp-json\/wp\/v2\/pages\/52\/revisions\/168"}],"wp:attachment":[{"href":"https:\/\/www.angelman.fi\/index.php\/wp-json\/wp\/v2\/media?parent=52"}],"curies":[{"name":"wp","href":"https:\/\/api.w.org\/{rel}","templated":true}]}}