{"id":24,"date":"2024-04-01T11:48:41","date_gmt":"2024-04-01T08:48:41","guid":{"rendered":"https:\/\/u77823.www2.webdomain.fi\/?page_id=24"},"modified":"2025-10-19T14:54:25","modified_gmt":"2025-10-19T11:54:25","slug":"sponsorit","status":"publish","type":"page","link":"https:\/\/www.angelman.fi\/index.php\/sponsorit\/","title":{"rendered":"Sponsorit"},"content":{"rendered":"\n<h2 class=\"wp-block-heading\">Tukijoillemme<\/h2>\n\n\n\n<p>Suomen Angelman-yhdistyksen t\u00e4rkein teht\u00e4v\u00e4 on tarjota vertaistukea Angelman-perheille. J\u00e4rjest\u00e4mme vanhempain- ja perhetapaamisia sek\u00e4 tiedotamme ja tuotamme materiaalia Angelman-asioista. Lis\u00e4ksi teemme yhteisty\u00f6t\u00e4 terveydenhuoltoalan asiantuntijoiden, julkisen vallan edustajien ja s\u00e4\u00e4ti\u00f6iden kanssa Angelman-perheiden el\u00e4m\u00e4nlaadun ja tasa-arvon parantamiseksi.<\/p>\n\n\n\n<p>Yhteisty\u00f6kumppaneiden taloudellinen tuki on t\u00e4rke\u00e4\u00e4 toimintamme yll\u00e4pit\u00e4miseksi ja kehitt\u00e4miseksi. T\u00e4ll\u00e4 hetkell\u00e4 toimintamme rahoitetaan p\u00e4\u00e4osin j\u00e4senmaksuilla.<\/p>\n\n\n\n<p>Voit tukea toimintaamme lahjoittamalla varoja tilille Nordea FI25 1416 3000 1041 90 viitenumerolla 9991 tai ottamalla yhteytt\u00e4 rahastonhoitajaamme. Halutessasi saat yrityksesi logon nettisivuillemme.<\/p>\n\n\n\n<p><a href=\"https:\/\/www.angelman.fi\/wp-content\/uploads\/2025\/10\/SAY_tilisiirtolomakkeet_2026.pdf\" target=\"_blank\" rel=\"noreferrer noopener\">Tilisiirtolomake<\/a><\/p>\n\n\n\n<p>Rahastonhoitaja Martina Sepp\u00e4nen&nbsp;<a href=\"mailto:martina.seppanen@angelman.fi\">martina.seppanen@angelman.fi<\/a><\/p>\n\n\n\n<p>Puheenjohtaja Tuija Kaivanto puh. 050 383 5817&nbsp;<a href=\"mailto:tuija.kaivanto@angelman.fi\">tuija.kaivanto@angelman.fi<\/a><\/p>\n\n\n\n<p><strong>Yrityskannatusj\u00e4senet<\/strong><\/p>\n\n\n\n<figure class=\"wp-block-image\"><a href=\"https:\/\/identcard.fi\" target=\"_blank\" rel=\"noopener\"><img loading=\"lazy\" decoding=\"async\" width=\"300\" height=\"45\" src=\"https:\/\/u77823.www2.webdomain.fi\/wp-content\/uploads\/2024\/04\/Identcard-300x45-1.jpg\" alt=\"Identcard\" class=\"wp-image-31\"\/><\/a><\/figure>\n\n\n\n<figure class=\"wp-block-image size-full\"><a href=\"https:\/\/www.putkimiessalo.fi\" target=\"_blank\" rel=\"noopener\"><img loading=\"lazy\" decoding=\"async\" width=\"300\" height=\"85\" src=\"https:\/\/u77823.www2.webdomain.fi\/wp-content\/uploads\/2024\/04\/LVI-henri-300x85-1.png\" alt=\"Sponsorin logo\" class=\"wp-image-30\"\/><\/a><\/figure>\n\n\n\n<figure class=\"wp-block-image size-full\"><a href=\"https:\/\/www.hoivajajalkahoito.fi\/\" target=\"_blank\" rel=\"noopener\"><img loading=\"lazy\" decoding=\"async\" width=\"200\" height=\"60\" src=\"https:\/\/u77823.www2.webdomain.fi\/wp-content\/uploads\/2024\/04\/phj_logo_200x60-2.png\" alt=\"Sponsorin logi\" class=\"wp-image-29\"\/><\/a><\/figure>\n\n\n\n<figure class=\"wp-block-image size-full\"><a href=\"http:\/\/www.pilkkutehdas.fi\/\" target=\"_blank\" rel=\"noopener\"><img loading=\"lazy\" decoding=\"async\" width=\"108\" height=\"85\" src=\"https:\/\/u77823.www2.webdomain.fi\/wp-content\/uploads\/2024\/04\/Pilkku.jpg\" alt=\"Sponsorin logo\" class=\"wp-image-28\"\/><\/a><\/figure>\n\n\n\n<figure class=\"wp-block-image\"><a href=\"https:\/\/kattokeskus.fi\/\" target=\"_blank\" rel=\"noreferrer noopener\"><img loading=\"lazy\" decoding=\"async\" width=\"300\" height=\"140\" src=\"https:\/\/u77823.www2.webdomain.fi\/wp-content\/uploads\/2024\/04\/kattokeskus.png\" alt=\"\" class=\"wp-image-27\"\/><\/a><\/figure>\n","protected":false},"excerpt":{"rendered":"<p>Tukijoillemme Suomen Angelman-yhdistyksen t\u00e4rkein teht\u00e4v\u00e4 on tarjota vertaistukea Angelman-perheille. J\u00e4rjest\u00e4mme vanhempain- ja perhetapaamisia sek\u00e4 tiedotamme ja tuotamme materiaalia Angelman-asioista. Lis\u00e4ksi teemme yhteisty\u00f6t\u00e4 terveydenhuoltoalan asiantuntijoiden, julkisen vallan edustajien ja s\u00e4\u00e4ti\u00f6iden kanssa Angelman-perheiden el\u00e4m\u00e4nlaadun ja tasa-arvon parantamiseksi. Yhteisty\u00f6kumppaneiden taloudellinen tuki on t\u00e4rke\u00e4\u00e4 toimintamme yll\u00e4pit\u00e4miseksi ja kehitt\u00e4miseksi. T\u00e4ll\u00e4 hetkell\u00e4 toimintamme rahoitetaan p\u00e4\u00e4osin j\u00e4senmaksuilla. Voit tukea toimintaamme lahjoittamalla varoja [&hellip;]<\/p>\n","protected":false},"author":2,"featured_media":0,"parent":0,"menu_order":0,"comment_status":"closed","ping_status":"closed","template":"","meta":{"footnotes":""},"class_list":["post-24","page","type-page","status-publish","hentry"],"_links":{"self":[{"href":"https:\/\/www.angelman.fi\/index.php\/wp-json\/wp\/v2\/pages\/24","targetHints":{"allow":["GET"]}}],"collection":[{"href":"https:\/\/www.angelman.fi\/index.php\/wp-json\/wp\/v2\/pages"}],"about":[{"href":"https:\/\/www.angelman.fi\/index.php\/wp-json\/wp\/v2\/types\/page"}],"author":[{"embeddable":true,"href":"https:\/\/www.angelman.fi\/index.php\/wp-json\/wp\/v2\/users\/2"}],"replies":[{"embeddable":true,"href":"https:\/\/www.angelman.fi\/index.php\/wp-json\/wp\/v2\/comments?post=24"}],"version-history":[{"count":12,"href":"https:\/\/www.angelman.fi\/index.php\/wp-json\/wp\/v2\/pages\/24\/revisions"}],"predecessor-version":[{"id":156,"href":"https:\/\/www.angelman.fi\/index.php\/wp-json\/wp\/v2\/pages\/24\/revisions\/156"}],"wp:attachment":[{"href":"https:\/\/www.angelman.fi\/index.php\/wp-json\/wp\/v2\/media?parent=24"}],"curies":[{"name":"wp","href":"https:\/\/api.w.org\/{rel}","templated":true}]}}